{"id":108,"date":"2018-03-19T03:11:51","date_gmt":"2018-03-19T03:11:51","guid":{"rendered":"http:\/\/cuazteca.edu.mx\/educacioncontinua\/?page_id=108"},"modified":"2018-03-19T04:12:25","modified_gmt":"2018-03-19T04:12:25","slug":"desarrollo-de-aplicaciones-android","status":"publish","type":"page","link":"https:\/\/cuazteca.edu.mx\/educacioncontinua\/robotica\/desarrollo-de-aplicaciones-android\/","title":{"rendered":"Desarrollo de aplicaciones android"},"content":{"rendered":"<p><img decoding=\"async\" loading=\"lazy\" class=\"wp-image-113 aligncenter\" src=\"http:\/\/cuazteca.edu.mx\/educacioncontinua\/wp-content\/uploads\/2018\/03\/desarrolloaplicaciones-300x108.png\" alt=\"\" width=\"698\" height=\"251\" srcset=\"https:\/\/cuazteca.edu.mx\/educacioncontinua\/wp-content\/uploads\/2018\/03\/desarrolloaplicaciones-300x108.png 300w, https:\/\/cuazteca.edu.mx\/educacioncontinua\/wp-content\/uploads\/2018\/03\/desarrolloaplicaciones-768x277.png 768w, https:\/\/cuazteca.edu.mx\/educacioncontinua\/wp-content\/uploads\/2018\/03\/desarrolloaplicaciones.png 995w\" sizes=\"(max-width: 698px) 100vw, 698px\" \/><\/p>\n<h1>Objetivo<\/h1>\n<p>Ense\u00f1anza \u00a0de programaci\u00f3n en Java, orientada a objetos, Android Estudio, Android Device Monitor para la implementaci\u00f3n de aplicaciones de tel\u00e9fonos inteligentes y tablets.<\/p>\n<h1>Destinatarios<\/h1>\n<p>Profesionales en el \u00e1rea de cualquier ingenier\u00eda, matem\u00e1ticas, f\u00edsica, computaci\u00f3n, inform\u00e1tica, mec\u00e1nica, etc. As\u00ed como t\u00e9cnicos, acad\u00e9micos y docentes.<\/p>\n<h1>Tiempo y espacios<\/h1>\n<p>Cuatro S\u00e1bados de 8am-1pm (5hrs) Iniciando el 14 de abril y terminando el 5 de mayo del 2018. Av. Ju\u00e1rez 340, Centro, Guadalajara, Jalisco.<\/p>\n<h1>Costo e informes<\/h1>\n<p>Pago \u00fanico de $5,000, informes erik.cuevas@cucei.udg.mx daniel.zaldivar@cucei.udg.mx<\/p>\n<h2>\u2500\u2500\u2500\u2500<\/h2>\n<h2>Ponentes<\/h2>\n<h2>Dr. Erik Cuevas<\/h2>\n<h2>Dr. Daniel Zald\u00edvar<\/h2>\n<h2>\u2500\u2500\u2500\u2500<\/h2>\n<h2>Componentes de una aplicaci\u00f3n m\u00f3vil Android<\/h2>\n<h2>Patrones de dise\u00f1o<\/h2>\n<h2>Material design<\/h2>\n","protected":false},"excerpt":{"rendered":"<p>Objetivo Ense\u00f1anza \u00a0de programaci\u00f3n en Java, orientada a objetos, Android Estudio, Android Device Monitor para la implementaci\u00f3n de aplicaciones de tel\u00e9fonos inteligentes y tablets. Destinatarios&#8230;<\/p>\n","protected":false},"author":1,"featured_media":0,"parent":65,"menu_order":0,"comment_status":"closed","ping_status":"closed","template":"page-template-fullwidth.php","meta":[],"_links":{"self":[{"href":"https:\/\/cuazteca.edu.mx\/educacioncontinua\/wp-json\/wp\/v2\/pages\/108"}],"collection":[{"href":"https:\/\/cuazteca.edu.mx\/educacioncontinua\/wp-json\/wp\/v2\/pages"}],"about":[{"href":"https:\/\/cuazteca.edu.mx\/educacioncontinua\/wp-json\/wp\/v2\/types\/page"}],"author":[{"embeddable":true,"href":"https:\/\/cuazteca.edu.mx\/educacioncontinua\/wp-json\/wp\/v2\/users\/1"}],"replies":[{"embeddable":true,"href":"https:\/\/cuazteca.edu.mx\/educacioncontinua\/wp-json\/wp\/v2\/comments?post=108"}],"version-history":[{"count":9,"href":"https:\/\/cuazteca.edu.mx\/educacioncontinua\/wp-json\/wp\/v2\/pages\/108\/revisions"}],"predecessor-version":[{"id":135,"href":"https:\/\/cuazteca.edu.mx\/educacioncontinua\/wp-json\/wp\/v2\/pages\/108\/revisions\/135"}],"up":[{"embeddable":true,"href":"https:\/\/cuazteca.edu.mx\/educacioncontinua\/wp-json\/wp\/v2\/pages\/65"}],"wp:attachment":[{"href":"https:\/\/cuazteca.edu.mx\/educacioncontinua\/wp-json\/wp\/v2\/media?parent=108"}],"curies":[{"name":"wp","href":"https:\/\/api.w.org\/{rel}","templated":true}]}}