{"id":119,"date":"2018-03-19T03:28:19","date_gmt":"2018-03-19T03:28:19","guid":{"rendered":"http:\/\/cuazteca.edu.mx\/educacioncontinua\/?page_id=119"},"modified":"2018-03-19T04:15:59","modified_gmt":"2018-03-19T04:15:59","slug":"aprendizaje-profundo","status":"publish","type":"page","link":"https:\/\/cuazteca.edu.mx\/educacioncontinua\/robotica\/aprendizaje-profundo\/","title":{"rendered":"Aprendizaje profundo (deep learning)"},"content":{"rendered":"<p><img decoding=\"async\" loading=\"lazy\" class=\"wp-image-128 aligncenter\" src=\"http:\/\/cuazteca.edu.mx\/educacioncontinua\/wp-content\/uploads\/2018\/03\/deep-learning-header-300x96.jpg\" alt=\"\" width=\"794\" height=\"255\" \/><\/p>\n<p>&nbsp;<\/p>\n<h1>Objetivo<\/h1>\n<p>Ense\u00f1anza del dise\u00f1o de clasificadores de im\u00e1genes en tiempo real basados en redes neuronales artificiales profundas (RNP), aplicaciones del aprendizaje profundo, Redes Neuronales Convolucionales (RNC), Reaprendizaje profundo (Transfer Learning).<\/p>\n<h1>Destinatarios<\/h1>\n<p>Profesionales en el \u00e1rea de cualquier ingenier\u00eda, matem\u00e1ticas, f\u00edsica, computaci\u00f3n, inform\u00e1tica, mec\u00e1nica, etc. As\u00ed como t\u00e9cnicos, acad\u00e9micos y docentes.<\/p>\n<h1>Tiempo y espacios<\/h1>\n<p>Cuatro S\u00e1bados de 8am-1pm (5hrs) Iniciando el 14 de abril y terminando el 5 de mayo del 2018. Av. Ju\u00e1rez 340, Centro, Guadalajara, Jalisco.<\/p>\n<h1>Costo e informes<\/h1>\n<p>Pago \u00fanico de $5,000, informes erik.cuevas@cucei.udg.mx daniel.zaldivar@cucei.udg.mx<\/p>\n<h2>\u2500\u2500\u2500\u2500<\/h2>\n<h2>Ponentes<\/h2>\n<h2>Dr. Erik Cuevas<\/h2>\n<h2>Dr. Daniel Zald\u00edvar<\/h2>\n<h2>\u2500\u2500\u2500\u2500<\/h2>\n<h2>Redes Neuronales Convolucionales (RNC)<\/h2>\n<h2>Detecci\u00f3n de Caracter\u00edsticas<\/h2>\n<h2>Modelo preentrenado Alexnet<\/h2>\n<h2>Detecci\u00f3n de objetos en tiempo real con aprendizaje profundo<\/h2>\n","protected":false},"excerpt":{"rendered":"<p>&nbsp; Objetivo Ense\u00f1anza del dise\u00f1o de clasificadores de im\u00e1genes en tiempo real basados en redes neuronales artificiales profundas (RNP), aplicaciones del aprendizaje profundo, Redes Neuronales&#8230;<\/p>\n","protected":false},"author":1,"featured_media":0,"parent":65,"menu_order":0,"comment_status":"closed","ping_status":"closed","template":"page-template-fullwidth.php","meta":[],"_links":{"self":[{"href":"https:\/\/cuazteca.edu.mx\/educacioncontinua\/wp-json\/wp\/v2\/pages\/119"}],"collection":[{"href":"https:\/\/cuazteca.edu.mx\/educacioncontinua\/wp-json\/wp\/v2\/pages"}],"about":[{"href":"https:\/\/cuazteca.edu.mx\/educacioncontinua\/wp-json\/wp\/v2\/types\/page"}],"author":[{"embeddable":true,"href":"https:\/\/cuazteca.edu.mx\/educacioncontinua\/wp-json\/wp\/v2\/users\/1"}],"replies":[{"embeddable":true,"href":"https:\/\/cuazteca.edu.mx\/educacioncontinua\/wp-json\/wp\/v2\/comments?post=119"}],"version-history":[{"count":7,"href":"https:\/\/cuazteca.edu.mx\/educacioncontinua\/wp-json\/wp\/v2\/pages\/119\/revisions"}],"predecessor-version":[{"id":130,"href":"https:\/\/cuazteca.edu.mx\/educacioncontinua\/wp-json\/wp\/v2\/pages\/119\/revisions\/130"}],"up":[{"embeddable":true,"href":"https:\/\/cuazteca.edu.mx\/educacioncontinua\/wp-json\/wp\/v2\/pages\/65"}],"wp:attachment":[{"href":"https:\/\/cuazteca.edu.mx\/educacioncontinua\/wp-json\/wp\/v2\/media?parent=119"}],"curies":[{"name":"wp","href":"https:\/\/api.w.org\/{rel}","templated":true}]}}