{"id":131,"date":"2018-03-19T04:08:37","date_gmt":"2018-03-19T04:08:37","guid":{"rendered":"http:\/\/cuazteca.edu.mx\/educacioncontinua\/?page_id=131"},"modified":"2018-03-19T04:11:19","modified_gmt":"2018-03-19T04:11:19","slug":"realidad-virtual","status":"publish","type":"page","link":"https:\/\/cuazteca.edu.mx\/educacioncontinua\/robotica\/realidad-virtual\/","title":{"rendered":"Realidad Virtual"},"content":{"rendered":"<h1>\u00a0<img decoding=\"async\" loading=\"lazy\" class=\"wp-image-133 aligncenter\" src=\"http:\/\/cuazteca.edu.mx\/educacioncontinua\/wp-content\/uploads\/2018\/03\/realidad-virtual-300x156.jpg\" alt=\"\" width=\"728\" height=\"379\" srcset=\"https:\/\/cuazteca.edu.mx\/educacioncontinua\/wp-content\/uploads\/2018\/03\/realidad-virtual-300x156.jpg 300w, https:\/\/cuazteca.edu.mx\/educacioncontinua\/wp-content\/uploads\/2018\/03\/realidad-virtual.jpg 311w\" sizes=\"(max-width: 728px) 100vw, 728px\" \/><\/h1>\n<h1><\/h1>\n<h1>Objetivo<\/h1>\n<p>Ense\u00f1anza practica de t\u00e9cnicas y herramientas de Realidad Virtual, Sistemas de Inmersi\u00f3n, Visores VR, Aplicaciones VR, Android Studio, Creaci\u00f3n de entorno, Inicializaci\u00f3n de sensores<\/p>\n<p>Interfaz gr\u00e1fica del entorno. Interacci\u00f3n con el entorno<\/p>\n<h1>Destinatarios<\/h1>\n<p>Profesionales en el \u00e1rea de la ingenier\u00eda, matem\u00e1ticas, f\u00edsica, computaci\u00f3n, inform\u00e1tica, mec\u00e1nica, etc. As\u00ed como t\u00e9cnicos, acad\u00e9micos y docentes.<\/p>\n<h1>Tiempo y espacios<\/h1>\n<p>Cuatro S\u00e1bados de 8am-1pm (5hrs) Iniciando el 14 de abril y terminando el 5 de mayo del 2018. Av. Ju\u00e1rez 340, Centro, Guadalajara, Jalisco.<\/p>\n<h2>Costo e informes<\/h2>\n<p>Pago \u00fanico de $5,000, informes erik.cuevas@cucei.udg.mx daniel.zaldivar@cucei.udg.mx<\/p>\n<p>&nbsp;<\/p>\n<h2>\u2500\u2500\u2500\u2500<\/h2>\n<h2>Ponentes<\/h2>\n<h2>Dr. Erik Cuevas<\/h2>\n<h2>Dr. Daniel Zald\u00edvar<\/h2>\n<h2>\u2500\u2500\u2500\u2500<\/h2>\n<h2>Sistemas de Inmersi\u00f3n<\/h2>\n<h2>Visores VR<\/h2>\n<h2>\u00a0Creaci\u00f3n, Interfaz gr\u00e1fica e Interacci\u00f3n de entorno<\/h2>\n","protected":false},"excerpt":{"rendered":"<p>\u00a0 Objetivo Ense\u00f1anza practica de t\u00e9cnicas y herramientas de Realidad Virtual, Sistemas de Inmersi\u00f3n, Visores VR, Aplicaciones VR, Android Studio, Creaci\u00f3n de entorno, Inicializaci\u00f3n de&#8230;<\/p>\n","protected":false},"author":1,"featured_media":0,"parent":65,"menu_order":0,"comment_status":"closed","ping_status":"closed","template":"page-template-fullwidth.php","meta":[],"_links":{"self":[{"href":"https:\/\/cuazteca.edu.mx\/educacioncontinua\/wp-json\/wp\/v2\/pages\/131"}],"collection":[{"href":"https:\/\/cuazteca.edu.mx\/educacioncontinua\/wp-json\/wp\/v2\/pages"}],"about":[{"href":"https:\/\/cuazteca.edu.mx\/educacioncontinua\/wp-json\/wp\/v2\/types\/page"}],"author":[{"embeddable":true,"href":"https:\/\/cuazteca.edu.mx\/educacioncontinua\/wp-json\/wp\/v2\/users\/1"}],"replies":[{"embeddable":true,"href":"https:\/\/cuazteca.edu.mx\/educacioncontinua\/wp-json\/wp\/v2\/comments?post=131"}],"version-history":[{"count":2,"href":"https:\/\/cuazteca.edu.mx\/educacioncontinua\/wp-json\/wp\/v2\/pages\/131\/revisions"}],"predecessor-version":[{"id":134,"href":"https:\/\/cuazteca.edu.mx\/educacioncontinua\/wp-json\/wp\/v2\/pages\/131\/revisions\/134"}],"up":[{"embeddable":true,"href":"https:\/\/cuazteca.edu.mx\/educacioncontinua\/wp-json\/wp\/v2\/pages\/65"}],"wp:attachment":[{"href":"https:\/\/cuazteca.edu.mx\/educacioncontinua\/wp-json\/wp\/v2\/media?parent=131"}],"curies":[{"name":"wp","href":"https:\/\/api.w.org\/{rel}","templated":true}]}}