{"id":39,"date":"2018-03-16T04:58:24","date_gmt":"2018-03-16T04:58:24","guid":{"rendered":"http:\/\/cuazteca.edu.mx\/educacioncontinua\/?page_id=39"},"modified":"2018-03-22T01:16:24","modified_gmt":"2018-03-22T01:16:24","slug":"principal","status":"publish","type":"page","link":"https:\/\/cuazteca.edu.mx\/educacioncontinua\/","title":{"rendered":"Universidad Azteca de Guadalajara"},"content":{"rendered":"<h1><strong><code>\n\n<link rel='stylesheet' href='https:\/\/cuazteca.edu.mx\/educacioncontinua\/wp-content\/uploads\/wow-slider-plugin\/8\/style.css' type='text\/css' media='all' \/>\n<!-- Name: educacion continua  -->\n\n<!-- Start WOWSlider.com BODY section -->\n<div id=\"wowslider-container8\">\n<div class=\"ws_images\"><ul>\n\t\t<li><img src=\"https:\/\/cuazteca.edu.mx\/educacioncontinua\/wp-content\/uploads\/wow-slider-plugin\/8\/images\/continua_web_1.jpg\" alt=\"\" title=\"\" id=\"wows8_0\"\/><\/li>\n\t\t<li><a href=\"http:\/\/wowslider.net\"><img src=\"https:\/\/cuazteca.edu.mx\/educacioncontinua\/wp-content\/uploads\/wow-slider-plugin\/8\/images\/201822.jpg\" alt=\"css slider\" title=\"\" id=\"wows8_1\"\/><\/a><\/li>\n\t\t<li><img src=\"https:\/\/cuazteca.edu.mx\/educacioncontinua\/wp-content\/uploads\/wow-slider-plugin\/8\/images\/medica.jpg\" alt=\"\" title=\"\" id=\"wows8_2\"\/><\/li>\n\t<\/ul><\/div>\n\t<div class=\"ws_bullets\"><div>\n\t\t<a href=\"#\" title=\"\"><span><img src=\"https:\/\/cuazteca.edu.mx\/educacioncontinua\/wp-content\/uploads\/wow-slider-plugin\/8\/tooltips\/continua_web_1.jpg\" alt=\"\"\/>1<\/span><\/a>\n\t\t<a href=\"#\" title=\"\"><span><img src=\"https:\/\/cuazteca.edu.mx\/educacioncontinua\/wp-content\/uploads\/wow-slider-plugin\/8\/tooltips\/201822.jpg\" alt=\"\"\/>2<\/span><\/a>\n\t\t<a href=\"#\" title=\"\"><span><img src=\"https:\/\/cuazteca.edu.mx\/educacioncontinua\/wp-content\/uploads\/wow-slider-plugin\/8\/tooltips\/medica.jpg\" alt=\"\"\/>3<\/span><\/a>\n\t<\/div><\/div><div class=\"ws_script\" style=\"position:absolute;left:-99%\"><a href=\"http:\/\/wowslider.net\">html slider<\/a> by WOWSlider.com v8.8<\/div>\n\t<a href=\"#\" class=\"ws_frame\"><\/a>\n\t<div class=\"ws_shadow\"><\/div>\n<\/div>\n<!-- End WOWSlider.com BODY section -->\n\n\n<script type='text\/javascript' src='https:\/\/cuazteca.edu.mx\/educacioncontinua\/wp-content\/uploads\/wow-slider-plugin\/8\/script.js'><\/script>\n\n<\/code><\/strong><\/h1>\n<h1>\u00a0 \u00a0 \u00a0 \u00a1\u00a1Vibrando educaci\u00f3n desde el coraz\u00f3n tapat\u00edo!!<\/h1>\n<p>La educaci\u00f3n continua es la actualizaci\u00f3n de conocimiento espec\u00edfico para el profesionista con el objetivo de renovar y mantener la vigencia de su quehacer profesional. En este sentido la Universidad Azteca de Guadalajara ofrece Educaci\u00f3n Continua a trav\u00e9s de cursos y diplomados en diversas \u00e1reas, que ofrecen capacitaci\u00f3n y actualizaci\u00f3n efectiva para que el profesionista se ajuste y cubra las nuevas demandas que requiere nuestra sociedad cambiante.<\/p>\n<h2>Capacitaci\u00f3n continua de Universidad Azteca<\/h2>\n<h6>Rob\u00f3tica o inteligencia artificial: Desarrollo de aplicaciones Android, Aprendizaje profundo, Realidad Virtual, Introducci\u00f3n a la visi\u00f3n artificial.<\/h6>\n<h6>\u00c1rea fiscal contable:\u00a0 Taller de nominas en Excel.<\/h6>\n<h6>Jur\u00eddica: Pr\u00f3ximamente<\/h6>\n<h6>Pedag\u00f3gica:\u00a0Pr\u00f3ximamente<\/h6>\n<h6>Ciencias de la Salud:\u00a0Primeros auxilios, aplicaci\u00f3n de inyectables, ventilaci\u00f3n pulmonar.<\/h6>\n<p>&nbsp;<\/p>\n<p>Estos cursos son ofrecidos tambi\u00e9n para grupos, adapt\u00e1ndonos a sus requerimientos de lugar y fechas.<\/p>\n<p>&nbsp;<\/p>\n","protected":false},"excerpt":{"rendered":"<p>\u00a0 \u00a0 \u00a0 \u00a1\u00a1Vibrando educaci\u00f3n desde el coraz\u00f3n tapat\u00edo!! La educaci\u00f3n continua es la actualizaci\u00f3n de conocimiento espec\u00edfico para el profesionista con el objetivo de&#8230;<\/p>\n","protected":false},"author":1,"featured_media":0,"parent":0,"menu_order":0,"comment_status":"closed","ping_status":"closed","template":"page-template-fullwidth.php","meta":[],"_links":{"self":[{"href":"https:\/\/cuazteca.edu.mx\/educacioncontinua\/wp-json\/wp\/v2\/pages\/39"}],"collection":[{"href":"https:\/\/cuazteca.edu.mx\/educacioncontinua\/wp-json\/wp\/v2\/pages"}],"about":[{"href":"https:\/\/cuazteca.edu.mx\/educacioncontinua\/wp-json\/wp\/v2\/types\/page"}],"author":[{"embeddable":true,"href":"https:\/\/cuazteca.edu.mx\/educacioncontinua\/wp-json\/wp\/v2\/users\/1"}],"replies":[{"embeddable":true,"href":"https:\/\/cuazteca.edu.mx\/educacioncontinua\/wp-json\/wp\/v2\/comments?post=39"}],"version-history":[{"count":27,"href":"https:\/\/cuazteca.edu.mx\/educacioncontinua\/wp-json\/wp\/v2\/pages\/39\/revisions"}],"predecessor-version":[{"id":169,"href":"https:\/\/cuazteca.edu.mx\/educacioncontinua\/wp-json\/wp\/v2\/pages\/39\/revisions\/169"}],"wp:attachment":[{"href":"https:\/\/cuazteca.edu.mx\/educacioncontinua\/wp-json\/wp\/v2\/media?parent=39"}],"curies":[{"name":"wp","href":"https:\/\/api.w.org\/{rel}","templated":true}]}}