{"id":65,"date":"2018-03-19T00:18:50","date_gmt":"2018-03-19T00:18:50","guid":{"rendered":"http:\/\/cuazteca.edu.mx\/educacioncontinua\/?page_id=65"},"modified":"2018-03-19T04:49:04","modified_gmt":"2018-03-19T04:49:04","slug":"robotica","status":"publish","type":"page","link":"https:\/\/cuazteca.edu.mx\/educacioncontinua\/robotica\/","title":{"rendered":"Rob\u00f3tica"},"content":{"rendered":"<h3><span lang=\"es-MX\">C<\/span><span lang=\"es-MX\">on el objetivo de contribuir a la formaci\u00f3n acad\u00e9mica-cient\u00edfica del m\u00e1s alto nivel, as\u00ed como a la innovaci\u00f3n tecnol\u00f3gica en la regi\u00f3n occidente y de M\u00e9xico, la\u00a0<\/span><span lang=\"es-MX\"><strong>Universidad Azteca de Guadalajara<\/strong><\/span><span lang=\"es-MX\">\u00a0ha iniciado todos los esfuerzos necesarios para organizar la primera Unidad de Investigaci\u00f3n dentro de sus instalaciones. As\u00ed, a partir del a\u00f1o 2014, esta inicia con la incorporaci\u00f3n de dos investigadores adscritos al\u00a0<\/span><a title=\"SNI\" href=\"http:\/\/www.conacyt.gob.mx\/index.php\/el-conacyt\/sistema-nacional-de-investigadores\" target=\"_blank\" rel=\"noopener\"><span lang=\"es-MX\">Sistema Nacional de Investigadores<\/span><\/a><span lang=\"es-MX\"><a title=\"SNI\" href=\"http:\/\/www.conacyt.gob.mx\/index.php\/el-conacyt\/sistema-nacional-de-investigadores\" target=\"_blank\" rel=\"noopener\">\u00a0(SNI)<\/a>\u00a0del\u00a0<\/span><a title=\"CONACYT\" href=\"http:\/\/www.conacyt.gob.mx\/\" target=\"_blank\" rel=\"noopener\"><span lang=\"es-MX\">Consejo Nacional de Ciencia y Tecnolog\u00eda\u00a0<\/span><\/a><span lang=\"es-MX\"><a title=\"CONACYT\" href=\"http:\/\/www.conacyt.gob.mx\/\" target=\"_blank\" rel=\"noopener\">(CONACYT)<\/a>. La Universidad Azteca de Guadalajara te ofrece los siguientes :<\/span><\/h3>\n<h3>CURSOS DEL \u00c1REA DE\u00a0 ROB\u00d3TICA<\/h3>\n<ul>\n<li>\n<h3><a href=\"http:\/\/cuazteca.edu.mx\/educacioncontinua\/robotica\/desarrollo-de-aplicaciones-android\/\"><span style=\"color: #999999;\">Desarrollo de aplicaciones android\u00a0\u00a0<\/span><span style=\"color: #999999;\">\u00a0<\/span><\/a><\/h3>\n<\/li>\n<li style=\"margin: 0cm; margin-bottom: .0001pt;\">\n<h3><a href=\"http:\/\/cuazteca.edu.mx\/educacioncontinua\/robotica\/aprendizaje-profundo\/\"><span style=\"color: #999999;\">Aprendizaje profundo (deep learning)\u00a0<\/span><span style=\"color: #999999;\">para el reconocimiento de objetos en tiempo real<\/span><\/a><\/h3>\n<\/li>\n<li>\n<h3><a href=\"http:\/\/cuazteca.edu.mx\/educacioncontinua\/robotica\/realidad-virtual\/\"><span style=\"color: #999999;\">Realidad virtual<\/span><\/a><\/h3>\n<\/li>\n<li>\n<h3><a href=\"http:\/\/cuazteca.edu.mx\/educacioncontinua\/robotica\/vision-artificial\/\"><span style=\"color: #999999;\">Introducci\u00f3n a la visi\u00f3n artificial<\/span><\/a><\/h3>\n<\/li>\n<\/ul>\n","protected":false},"excerpt":{"rendered":"<p>Con el objetivo de contribuir a la formaci\u00f3n acad\u00e9mica-cient\u00edfica del m\u00e1s alto nivel, as\u00ed como a la innovaci\u00f3n tecnol\u00f3gica en la regi\u00f3n occidente y de&#8230;<\/p>\n","protected":false},"author":1,"featured_media":0,"parent":0,"menu_order":0,"comment_status":"closed","ping_status":"closed","template":"page-template-fullwidth.php","meta":[],"_links":{"self":[{"href":"https:\/\/cuazteca.edu.mx\/educacioncontinua\/wp-json\/wp\/v2\/pages\/65"}],"collection":[{"href":"https:\/\/cuazteca.edu.mx\/educacioncontinua\/wp-json\/wp\/v2\/pages"}],"about":[{"href":"https:\/\/cuazteca.edu.mx\/educacioncontinua\/wp-json\/wp\/v2\/types\/page"}],"author":[{"embeddable":true,"href":"https:\/\/cuazteca.edu.mx\/educacioncontinua\/wp-json\/wp\/v2\/users\/1"}],"replies":[{"embeddable":true,"href":"https:\/\/cuazteca.edu.mx\/educacioncontinua\/wp-json\/wp\/v2\/comments?post=65"}],"version-history":[{"count":11,"href":"https:\/\/cuazteca.edu.mx\/educacioncontinua\/wp-json\/wp\/v2\/pages\/65\/revisions"}],"predecessor-version":[{"id":148,"href":"https:\/\/cuazteca.edu.mx\/educacioncontinua\/wp-json\/wp\/v2\/pages\/65\/revisions\/148"}],"wp:attachment":[{"href":"https:\/\/cuazteca.edu.mx\/educacioncontinua\/wp-json\/wp\/v2\/media?parent=65"}],"curies":[{"name":"wp","href":"https:\/\/api.w.org\/{rel}","templated":true}]}}